{"id":1639,"date":"2022-04-26T21:35:07","date_gmt":"2022-04-26T21:35:07","guid":{"rendered":"https:\/\/fightergroupsrl.com\/?post_type=product&#038;p=1639"},"modified":"2022-05-14T15:14:30","modified_gmt":"2022-05-14T15:14:30","slug":"camaras-de-seguridad","status":"publish","type":"product","link":"https:\/\/fightergroupsrl.com\/en\/product\/camaras-de-seguridad\/","title":{"rendered":"C\u00e1maras de seguridad"},"content":{"rendered":"<p>\u2705Podr\u00e1s Grabar videos o tomar fotos desde el celular<br \/>\n\u2705Podr\u00e1s hablar por el celular y que se escuche en la c\u00e1mara de seguridad<br \/>\n\u2705Giro 360 grados<br \/>\n\u2705Ranura para memoria SD<br \/>\n\u2705Viene con soporte para instalarlo en Cualquier \u00e1ngulo o lo puedes colocar en una mesa<br \/>\n\u2705Puedes ver la c\u00e1mara desde fuera de Casa, te puedes ir a cualquier ciudad y monitorear<br \/>\n\u2705Instalaci\u00f3n por Wifi Mediante la aplicaci\u00f3n EZVIZ<br \/>\n\u2705Infrarrojo para grabar en la oscuridad o sin luz<br \/>\n\u2705Podr\u00e1s escuchar tambi\u00e9n a trav\u00e9s de la C\u00e1mara<br \/>\n\u2705Ideal para: Cocheras, dormitorios, salas, etc. Entradas de casa<br \/>\n\u2705C\u00e1mara Controlada por el celular<\/p>","protected":false},"excerpt":{"rendered":"<p>\u2705Podr\u00e1s Grabar videos o tomar fotos desde el celular<br \/>\n\u2705Podr\u00e1s hablar por el celular y que se escuche en la c\u00e1mara de seguridad<br \/>\n\u2705Giro 360 grados<br \/>\n\u2705Ranura para memoria SD<br \/>\n\u2705Viene con soporte para instalarlo en Cualquier \u00e1ngulo o lo puedes colocar en una mesa<br \/>\n\u2705Puedes ver la c\u00e1mara desde fuera de Casa, te puedes ir a cualquier ciudad y monitorear<br \/>\n\u2705Instalaci\u00f3n por Wifi Mediante la aplicaci\u00f3n EZVIZ<br \/>\n\u2705Infrarrojo para grabar en la oscuridad o sin luz<br \/>\n\u2705Podr\u00e1s escuchar tambi\u00e9n a trav\u00e9s de la C\u00e1mara<br \/>\n\u2705Ideal para: Cocheras, dormitorios, salas, etc. Entradas de casa<br \/>\n\u2705C\u00e1mara Controlada por el celular<\/p>","protected":false},"featured_media":1907,"comment_status":"open","ping_status":"closed","template":"","meta":{"_acf_changed":false,"_joinchat":{"telephone":"+51992183144","message_text":"\u00bfNecesitas ayuda?"}},"product_brand":[],"product_cat":[122],"product_tag":[123],"class_list":{"0":"post-1639","1":"product","2":"type-product","3":"status-publish","4":"has-post-thumbnail","6":"product_cat-seguridad","7":"product_tag-seguridad-hogar","9":"first","10":"instock","11":"sale","12":"shipping-taxable","13":"purchasable","14":"product-type-simple"},"acf":[],"yoast_head":"<!-- This site is optimized with the Yoast SEO plugin v27.4 - https:\/\/yoast.com\/product\/yoast-seo-wordpress\/ -->\n<title>C\u00e1maras de seguridad - FIGHTER GROUP SRL - \u00a1Cot\u00edzalo Ya!<\/title>\n<meta name=\"description\" content=\"C\u00e1mara de seguridad para tu hogar y negocio. C\u00e1mara giratoria 360 grados podr\u00e1s administrarlo desde el celular desde cualquier lugar.\" \/>\n<meta name=\"robots\" content=\"index, follow, max-snippet:-1, max-image-preview:large, max-video-preview:-1\" \/>\n<link rel=\"canonical\" href=\"https:\/\/fightergroupsrl.com\/en\/product\/camaras-de-seguridad\/\" \/>\n<meta property=\"og:locale\" content=\"en_US\" \/>\n<meta property=\"og:type\" content=\"article\" \/>\n<meta property=\"og:title\" content=\"C\u00e1maras de seguridad - FIGHTER GROUP SRL - \u00a1Cot\u00edzalo Ya!\" \/>\n<meta property=\"og:description\" content=\"C\u00e1mara de seguridad para tu hogar y negocio. C\u00e1mara giratoria 360 grados podr\u00e1s administrarlo desde el celular desde cualquier lugar.\" \/>\n<meta property=\"og:url\" content=\"https:\/\/fightergroupsrl.com\/en\/product\/camaras-de-seguridad\/\" \/>\n<meta property=\"og:site_name\" content=\"FIGHTER GROUP SRL\" \/>\n<meta property=\"article:modified_time\" content=\"2022-05-14T15:14:30+00:00\" \/>\n<meta property=\"og:image\" content=\"https:\/\/fightergroupsrl.com\/wp-content\/uploads\/2022\/04\/camara-de-seguridad.png\" \/>\n\t<meta property=\"og:image:width\" content=\"1000\" \/>\n\t<meta property=\"og:image:height\" content=\"1000\" \/>\n\t<meta property=\"og:image:type\" content=\"image\/png\" \/>\n<meta name=\"twitter:card\" content=\"summary_large_image\" \/>\n<meta name=\"twitter:label1\" content=\"Est. reading time\" \/>\n\t<meta name=\"twitter:data1\" content=\"1 minute\" \/>\n<script type=\"application\/ld+json\" class=\"yoast-schema-graph\">{\"@context\":\"https:\\\/\\\/schema.org\",\"@graph\":[{\"@type\":\"WebPage\",\"@id\":\"https:\\\/\\\/fightergroupsrl.com\\\/product\\\/camaras-de-seguridad\\\/\",\"url\":\"https:\\\/\\\/fightergroupsrl.com\\\/product\\\/camaras-de-seguridad\\\/\",\"name\":\"C\u00e1maras de seguridad - FIGHTER GROUP SRL - \u00a1Cot\u00edzalo Ya!\",\"isPartOf\":{\"@id\":\"https:\\\/\\\/fightergroupsrl.com\\\/#website\"},\"primaryImageOfPage\":{\"@id\":\"https:\\\/\\\/fightergroupsrl.com\\\/product\\\/camaras-de-seguridad\\\/#primaryimage\"},\"image\":{\"@id\":\"https:\\\/\\\/fightergroupsrl.com\\\/product\\\/camaras-de-seguridad\\\/#primaryimage\"},\"thumbnailUrl\":\"https:\\\/\\\/i0.wp.com\\\/fightergroupsrl.com\\\/wp-content\\\/uploads\\\/2022\\\/04\\\/camara-de-seguridad.png?fit=1000%2C1000&ssl=1\",\"datePublished\":\"2022-04-26T21:35:07+00:00\",\"dateModified\":\"2022-05-14T15:14:30+00:00\",\"description\":\"C\u00e1mara de seguridad para tu hogar y negocio. C\u00e1mara giratoria 360 grados podr\u00e1s administrarlo desde el celular desde cualquier lugar.\",\"breadcrumb\":{\"@id\":\"https:\\\/\\\/fightergroupsrl.com\\\/product\\\/camaras-de-seguridad\\\/#breadcrumb\"},\"inLanguage\":\"en-US\",\"potentialAction\":[{\"@type\":\"ReadAction\",\"target\":[\"https:\\\/\\\/fightergroupsrl.com\\\/product\\\/camaras-de-seguridad\\\/\"]}]},{\"@type\":\"ImageObject\",\"inLanguage\":\"en-US\",\"@id\":\"https:\\\/\\\/fightergroupsrl.com\\\/product\\\/camaras-de-seguridad\\\/#primaryimage\",\"url\":\"https:\\\/\\\/i0.wp.com\\\/fightergroupsrl.com\\\/wp-content\\\/uploads\\\/2022\\\/04\\\/camara-de-seguridad.png?fit=1000%2C1000&ssl=1\",\"contentUrl\":\"https:\\\/\\\/i0.wp.com\\\/fightergroupsrl.com\\\/wp-content\\\/uploads\\\/2022\\\/04\\\/camara-de-seguridad.png?fit=1000%2C1000&ssl=1\",\"width\":1000,\"height\":1000,\"caption\":\"https:\\\/\\\/fightergroupsrl.com\\\/wp-content\\\/uploads\\\/2022\\\/04\\\/camara-de-seguridad.png\"},{\"@type\":\"BreadcrumbList\",\"@id\":\"https:\\\/\\\/fightergroupsrl.com\\\/product\\\/camaras-de-seguridad\\\/#breadcrumb\",\"itemListElement\":[{\"@type\":\"ListItem\",\"position\":1,\"name\":\"Portada\",\"item\":\"https:\\\/\\\/fightergroupsrl.com\\\/\"},{\"@type\":\"ListItem\",\"position\":2,\"name\":\"Shop\",\"item\":\"https:\\\/\\\/fightergroupsrl.com\\\/shop\\\/\"},{\"@type\":\"ListItem\",\"position\":3,\"name\":\"C\u00e1maras de seguridad\"}]},{\"@type\":\"WebSite\",\"@id\":\"https:\\\/\\\/fightergroupsrl.com\\\/#website\",\"url\":\"https:\\\/\\\/fightergroupsrl.com\\\/\",\"name\":\"FIGHTER GROUP SRL\",\"description\":\"\u00a1Internet 100% fibra \u00f3ptica!\",\"publisher\":{\"@id\":\"https:\\\/\\\/fightergroupsrl.com\\\/#organization\"},\"potentialAction\":[{\"@type\":\"SearchAction\",\"target\":{\"@type\":\"EntryPoint\",\"urlTemplate\":\"https:\\\/\\\/fightergroupsrl.com\\\/?s={search_term_string}\"},\"query-input\":{\"@type\":\"PropertyValueSpecification\",\"valueRequired\":true,\"valueName\":\"search_term_string\"}}],\"inLanguage\":\"en-US\"},{\"@type\":\"Organization\",\"@id\":\"https:\\\/\\\/fightergroupsrl.com\\\/#organization\",\"name\":\"Fighter Group SRL\",\"url\":\"https:\\\/\\\/fightergroupsrl.com\\\/\",\"logo\":{\"@type\":\"ImageObject\",\"inLanguage\":\"en-US\",\"@id\":\"https:\\\/\\\/fightergroupsrl.com\\\/#\\\/schema\\\/logo\\\/image\\\/\",\"url\":\"https:\\\/\\\/fightergroupsrl.com\\\/wp-content\\\/uploads\\\/2022\\\/04\\\/cropped-isotipo.png\",\"contentUrl\":\"https:\\\/\\\/fightergroupsrl.com\\\/wp-content\\\/uploads\\\/2022\\\/04\\\/cropped-isotipo.png\",\"width\":512,\"height\":512,\"caption\":\"Fighter Group SRL\"},\"image\":{\"@id\":\"https:\\\/\\\/fightergroupsrl.com\\\/#\\\/schema\\\/logo\\\/image\\\/\"}}]}<\/script>\n<!-- \/ Yoast SEO plugin. -->","yoast_head_json":{"title":"C\u00e1maras de seguridad - FIGHTER GROUP SRL - \u00a1Cot\u00edzalo Ya!","description":"C\u00e1mara de seguridad para tu hogar y negocio. C\u00e1mara giratoria 360 grados podr\u00e1s administrarlo desde el celular desde cualquier lugar.","robots":{"index":"index","follow":"follow","max-snippet":"max-snippet:-1","max-image-preview":"max-image-preview:large","max-video-preview":"max-video-preview:-1"},"canonical":"https:\/\/fightergroupsrl.com\/en\/product\/camaras-de-seguridad\/","og_locale":"en_US","og_type":"article","og_title":"C\u00e1maras de seguridad - FIGHTER GROUP SRL - \u00a1Cot\u00edzalo Ya!","og_description":"C\u00e1mara de seguridad para tu hogar y negocio. C\u00e1mara giratoria 360 grados podr\u00e1s administrarlo desde el celular desde cualquier lugar.","og_url":"https:\/\/fightergroupsrl.com\/en\/product\/camaras-de-seguridad\/","og_site_name":"FIGHTER GROUP SRL","article_modified_time":"2022-05-14T15:14:30+00:00","og_image":[{"width":1000,"height":1000,"url":"https:\/\/fightergroupsrl.com\/wp-content\/uploads\/2022\/04\/camara-de-seguridad.png","type":"image\/png"}],"twitter_card":"summary_large_image","twitter_misc":{"Est. reading time":"1 minute"},"schema":{"@context":"https:\/\/schema.org","@graph":[{"@type":"WebPage","@id":"https:\/\/fightergroupsrl.com\/product\/camaras-de-seguridad\/","url":"https:\/\/fightergroupsrl.com\/product\/camaras-de-seguridad\/","name":"C\u00e1maras de seguridad - FIGHTER GROUP SRL - \u00a1Cot\u00edzalo Ya!","isPartOf":{"@id":"https:\/\/fightergroupsrl.com\/#website"},"primaryImageOfPage":{"@id":"https:\/\/fightergroupsrl.com\/product\/camaras-de-seguridad\/#primaryimage"},"image":{"@id":"https:\/\/fightergroupsrl.com\/product\/camaras-de-seguridad\/#primaryimage"},"thumbnailUrl":"https:\/\/i0.wp.com\/fightergroupsrl.com\/wp-content\/uploads\/2022\/04\/camara-de-seguridad.png?fit=1000%2C1000&ssl=1","datePublished":"2022-04-26T21:35:07+00:00","dateModified":"2022-05-14T15:14:30+00:00","description":"C\u00e1mara de seguridad para tu hogar y negocio. C\u00e1mara giratoria 360 grados podr\u00e1s administrarlo desde el celular desde cualquier lugar.","breadcrumb":{"@id":"https:\/\/fightergroupsrl.com\/product\/camaras-de-seguridad\/#breadcrumb"},"inLanguage":"en-US","potentialAction":[{"@type":"ReadAction","target":["https:\/\/fightergroupsrl.com\/product\/camaras-de-seguridad\/"]}]},{"@type":"ImageObject","inLanguage":"en-US","@id":"https:\/\/fightergroupsrl.com\/product\/camaras-de-seguridad\/#primaryimage","url":"https:\/\/i0.wp.com\/fightergroupsrl.com\/wp-content\/uploads\/2022\/04\/camara-de-seguridad.png?fit=1000%2C1000&ssl=1","contentUrl":"https:\/\/i0.wp.com\/fightergroupsrl.com\/wp-content\/uploads\/2022\/04\/camara-de-seguridad.png?fit=1000%2C1000&ssl=1","width":1000,"height":1000,"caption":"https:\/\/fightergroupsrl.com\/wp-content\/uploads\/2022\/04\/camara-de-seguridad.png"},{"@type":"BreadcrumbList","@id":"https:\/\/fightergroupsrl.com\/product\/camaras-de-seguridad\/#breadcrumb","itemListElement":[{"@type":"ListItem","position":1,"name":"Portada","item":"https:\/\/fightergroupsrl.com\/"},{"@type":"ListItem","position":2,"name":"Shop","item":"https:\/\/fightergroupsrl.com\/shop\/"},{"@type":"ListItem","position":3,"name":"C\u00e1maras de seguridad"}]},{"@type":"WebSite","@id":"https:\/\/fightergroupsrl.com\/#website","url":"https:\/\/fightergroupsrl.com\/","name":"FIGHTER GROUP SRL","description":"\u00a1Internet 100% fibra \u00f3ptica!","publisher":{"@id":"https:\/\/fightergroupsrl.com\/#organization"},"potentialAction":[{"@type":"SearchAction","target":{"@type":"EntryPoint","urlTemplate":"https:\/\/fightergroupsrl.com\/?s={search_term_string}"},"query-input":{"@type":"PropertyValueSpecification","valueRequired":true,"valueName":"search_term_string"}}],"inLanguage":"en-US"},{"@type":"Organization","@id":"https:\/\/fightergroupsrl.com\/#organization","name":"Fighter Group SRL","url":"https:\/\/fightergroupsrl.com\/","logo":{"@type":"ImageObject","inLanguage":"en-US","@id":"https:\/\/fightergroupsrl.com\/#\/schema\/logo\/image\/","url":"https:\/\/fightergroupsrl.com\/wp-content\/uploads\/2022\/04\/cropped-isotipo.png","contentUrl":"https:\/\/fightergroupsrl.com\/wp-content\/uploads\/2022\/04\/cropped-isotipo.png","width":512,"height":512,"caption":"Fighter Group SRL"},"image":{"@id":"https:\/\/fightergroupsrl.com\/#\/schema\/logo\/image\/"}}]}},"jetpack_sharing_enabled":true,"jetpack-related-posts":[],"_links":{"self":[{"href":"https:\/\/fightergroupsrl.com\/en\/wp-json\/wp\/v2\/product\/1639","targetHints":{"allow":["GET"]}}],"collection":[{"href":"https:\/\/fightergroupsrl.com\/en\/wp-json\/wp\/v2\/product"}],"about":[{"href":"https:\/\/fightergroupsrl.com\/en\/wp-json\/wp\/v2\/types\/product"}],"replies":[{"embeddable":true,"href":"https:\/\/fightergroupsrl.com\/en\/wp-json\/wp\/v2\/comments?post=1639"}],"version-history":[{"count":1,"href":"https:\/\/fightergroupsrl.com\/en\/wp-json\/wp\/v2\/product\/1639\/revisions"}],"predecessor-version":[{"id":1906,"href":"https:\/\/fightergroupsrl.com\/en\/wp-json\/wp\/v2\/product\/1639\/revisions\/1906"}],"wp:featuredmedia":[{"embeddable":true,"href":"https:\/\/fightergroupsrl.com\/en\/wp-json\/wp\/v2\/media\/1907"}],"wp:attachment":[{"href":"https:\/\/fightergroupsrl.com\/en\/wp-json\/wp\/v2\/media?parent=1639"}],"wp:term":[{"taxonomy":"product_brand","embeddable":true,"href":"https:\/\/fightergroupsrl.com\/en\/wp-json\/wp\/v2\/product_brand?post=1639"},{"taxonomy":"product_cat","embeddable":true,"href":"https:\/\/fightergroupsrl.com\/en\/wp-json\/wp\/v2\/product_cat?post=1639"},{"taxonomy":"product_tag","embeddable":true,"href":"https:\/\/fightergroupsrl.com\/en\/wp-json\/wp\/v2\/product_tag?post=1639"}],"curies":[{"name":"wp","href":"https:\/\/api.w.org\/{rel}","templated":true}]}}