{"id":1943,"date":"2022-05-16T20:44:24","date_gmt":"2022-05-16T20:44:24","guid":{"rendered":"https:\/\/fightergroupsrl.com\/?post_type=product&#038;p=1943"},"modified":"2022-05-16T20:44:24","modified_gmt":"2022-05-16T20:44:24","slug":"procesador-intel-core","status":"publish","type":"product","link":"https:\/\/fightergroupsrl.com\/en\/product\/procesador-intel-core\/","title":{"rendered":"Procesador Intel\u00ae Core\u2122"},"content":{"rendered":"<p>Procesador Intel\u00ae Core\u2122 i7-8700K<\/p>\n<p>Detalles Estado Usado &#8211; Como nuevo Marca INTEL Procesador Intel\u00ae Core\u2122 i7-8700K \u00facleos totales 6 Hilos de ejecuci\u00f3n 12 N\u00facs. principales 6 a 3.7 GHz Frec. turbo n\u00facs. prin. hasta 4.7 GHz<\/p>","protected":false},"excerpt":{"rendered":"<p>Procesador Intel\u00ae Core\u2122 i7-8700K<\/p>\n<p>Detalles Estado Usado &#8211; Como nuevo Marca INTEL Procesador Intel\u00ae Core\u2122 i7-8700K \u00facleos totales 6 Hilos de ejecuci\u00f3n 12 N\u00facs. principales 6 a 3.7 GHz Frec. turbo n\u00facs. prin. hasta 4.7 GHz<\/p>","protected":false},"featured_media":1944,"comment_status":"open","ping_status":"closed","template":"","meta":{"_acf_changed":false,"_joinchat":{"telephone":"+51992183144","message_text":"\u00bfNecesitas ayuda?"}},"product_brand":[],"product_cat":[40],"product_tag":[41],"class_list":{"0":"post-1943","1":"product","2":"type-product","3":"status-publish","4":"has-post-thumbnail","6":"product_cat-internet","7":"product_tag-internet","9":"first","10":"instock","11":"sale","12":"shipping-taxable","13":"purchasable","14":"product-type-simple"},"acf":[],"yoast_head":"<!-- This site is optimized with the Yoast SEO plugin v27.4 - https:\/\/yoast.com\/product\/yoast-seo-wordpress\/ -->\n<title>Procesador Intel\u00ae Core\u2122 - FIGHTER GROUP SRL - Adquiere Ya<\/title>\n<meta name=\"description\" content=\"Intel\u00ae Core\u2122 i7-8700K \u00facleos totales 6Hilos de ejecuci\u00f3n 12N\u00facs. principales 6 a 3.7 GHzFrec. turbo n\u00facs. prin. hasta 4.7\" \/>\n<meta name=\"robots\" content=\"index, follow, max-snippet:-1, max-image-preview:large, max-video-preview:-1\" \/>\n<link rel=\"canonical\" href=\"https:\/\/fightergroupsrl.com\/en\/product\/procesador-intel-core\/\" \/>\n<meta property=\"og:locale\" content=\"en_US\" \/>\n<meta property=\"og:type\" content=\"article\" \/>\n<meta property=\"og:title\" content=\"Procesador Intel\u00ae Core\u2122 - FIGHTER GROUP SRL - Adquiere Ya\" \/>\n<meta property=\"og:description\" content=\"Intel\u00ae Core\u2122 i7-8700K \u00facleos totales 6Hilos de ejecuci\u00f3n 12N\u00facs. principales 6 a 3.7 GHzFrec. turbo n\u00facs. prin. hasta 4.7\" \/>\n<meta property=\"og:url\" content=\"https:\/\/fightergroupsrl.com\/en\/product\/procesador-intel-core\/\" \/>\n<meta property=\"og:site_name\" content=\"FIGHTER GROUP SRL\" \/>\n<meta property=\"og:image\" content=\"https:\/\/fightergroupsrl.com\/wp-content\/uploads\/2022\/05\/procesador-intel.jpg\" \/>\n\t<meta property=\"og:image:width\" content=\"206\" \/>\n\t<meta property=\"og:image:height\" content=\"206\" \/>\n\t<meta property=\"og:image:type\" content=\"image\/jpeg\" \/>\n<meta name=\"twitter:card\" content=\"summary_large_image\" \/>\n<meta name=\"twitter:label1\" content=\"Est. reading time\" \/>\n\t<meta name=\"twitter:data1\" content=\"1 minute\" \/>\n<script type=\"application\/ld+json\" class=\"yoast-schema-graph\">{\"@context\":\"https:\\\/\\\/schema.org\",\"@graph\":[{\"@type\":\"WebPage\",\"@id\":\"https:\\\/\\\/fightergroupsrl.com\\\/product\\\/procesador-intel-core\\\/\",\"url\":\"https:\\\/\\\/fightergroupsrl.com\\\/product\\\/procesador-intel-core\\\/\",\"name\":\"Procesador Intel\u00ae Core\u2122 - FIGHTER GROUP SRL - Adquiere Ya\",\"isPartOf\":{\"@id\":\"https:\\\/\\\/fightergroupsrl.com\\\/#website\"},\"primaryImageOfPage\":{\"@id\":\"https:\\\/\\\/fightergroupsrl.com\\\/product\\\/procesador-intel-core\\\/#primaryimage\"},\"image\":{\"@id\":\"https:\\\/\\\/fightergroupsrl.com\\\/product\\\/procesador-intel-core\\\/#primaryimage\"},\"thumbnailUrl\":\"https:\\\/\\\/i0.wp.com\\\/fightergroupsrl.com\\\/wp-content\\\/uploads\\\/2022\\\/05\\\/procesador-intel.jpg?fit=206%2C206&ssl=1\",\"datePublished\":\"2022-05-16T20:44:24+00:00\",\"description\":\"Intel\u00ae Core\u2122 i7-8700K \u00facleos totales 6Hilos de ejecuci\u00f3n 12N\u00facs. principales 6 a 3.7 GHzFrec. turbo n\u00facs. prin. hasta 4.7\",\"breadcrumb\":{\"@id\":\"https:\\\/\\\/fightergroupsrl.com\\\/product\\\/procesador-intel-core\\\/#breadcrumb\"},\"inLanguage\":\"en-US\",\"potentialAction\":[{\"@type\":\"ReadAction\",\"target\":[\"https:\\\/\\\/fightergroupsrl.com\\\/product\\\/procesador-intel-core\\\/\"]}]},{\"@type\":\"ImageObject\",\"inLanguage\":\"en-US\",\"@id\":\"https:\\\/\\\/fightergroupsrl.com\\\/product\\\/procesador-intel-core\\\/#primaryimage\",\"url\":\"https:\\\/\\\/i0.wp.com\\\/fightergroupsrl.com\\\/wp-content\\\/uploads\\\/2022\\\/05\\\/procesador-intel.jpg?fit=206%2C206&ssl=1\",\"contentUrl\":\"https:\\\/\\\/i0.wp.com\\\/fightergroupsrl.com\\\/wp-content\\\/uploads\\\/2022\\\/05\\\/procesador-intel.jpg?fit=206%2C206&ssl=1\",\"width\":206,\"height\":206,\"caption\":\"Procesador Intel Core Fighter Group\"},{\"@type\":\"BreadcrumbList\",\"@id\":\"https:\\\/\\\/fightergroupsrl.com\\\/product\\\/procesador-intel-core\\\/#breadcrumb\",\"itemListElement\":[{\"@type\":\"ListItem\",\"position\":1,\"name\":\"Portada\",\"item\":\"https:\\\/\\\/fightergroupsrl.com\\\/\"},{\"@type\":\"ListItem\",\"position\":2,\"name\":\"Shop\",\"item\":\"https:\\\/\\\/fightergroupsrl.com\\\/shop\\\/\"},{\"@type\":\"ListItem\",\"position\":3,\"name\":\"Procesador Intel\u00ae Core\u2122\"}]},{\"@type\":\"WebSite\",\"@id\":\"https:\\\/\\\/fightergroupsrl.com\\\/#website\",\"url\":\"https:\\\/\\\/fightergroupsrl.com\\\/\",\"name\":\"FIGHTER GROUP SRL\",\"description\":\"\u00a1Internet 100% fibra \u00f3ptica!\",\"publisher\":{\"@id\":\"https:\\\/\\\/fightergroupsrl.com\\\/#organization\"},\"potentialAction\":[{\"@type\":\"SearchAction\",\"target\":{\"@type\":\"EntryPoint\",\"urlTemplate\":\"https:\\\/\\\/fightergroupsrl.com\\\/?s={search_term_string}\"},\"query-input\":{\"@type\":\"PropertyValueSpecification\",\"valueRequired\":true,\"valueName\":\"search_term_string\"}}],\"inLanguage\":\"en-US\"},{\"@type\":\"Organization\",\"@id\":\"https:\\\/\\\/fightergroupsrl.com\\\/#organization\",\"name\":\"Fighter Group SRL\",\"url\":\"https:\\\/\\\/fightergroupsrl.com\\\/\",\"logo\":{\"@type\":\"ImageObject\",\"inLanguage\":\"en-US\",\"@id\":\"https:\\\/\\\/fightergroupsrl.com\\\/#\\\/schema\\\/logo\\\/image\\\/\",\"url\":\"https:\\\/\\\/fightergroupsrl.com\\\/wp-content\\\/uploads\\\/2022\\\/04\\\/cropped-isotipo.png\",\"contentUrl\":\"https:\\\/\\\/fightergroupsrl.com\\\/wp-content\\\/uploads\\\/2022\\\/04\\\/cropped-isotipo.png\",\"width\":512,\"height\":512,\"caption\":\"Fighter Group SRL\"},\"image\":{\"@id\":\"https:\\\/\\\/fightergroupsrl.com\\\/#\\\/schema\\\/logo\\\/image\\\/\"}}]}<\/script>\n<!-- \/ Yoast SEO plugin. -->","yoast_head_json":{"title":"Procesador Intel\u00ae Core\u2122 - FIGHTER GROUP SRL - Adquiere Ya","description":"Intel\u00ae Core\u2122 i7-8700K \u00facleos totales 6Hilos de ejecuci\u00f3n 12N\u00facs. principales 6 a 3.7 GHzFrec. turbo n\u00facs. prin. hasta 4.7","robots":{"index":"index","follow":"follow","max-snippet":"max-snippet:-1","max-image-preview":"max-image-preview:large","max-video-preview":"max-video-preview:-1"},"canonical":"https:\/\/fightergroupsrl.com\/en\/product\/procesador-intel-core\/","og_locale":"en_US","og_type":"article","og_title":"Procesador Intel\u00ae Core\u2122 - FIGHTER GROUP SRL - Adquiere Ya","og_description":"Intel\u00ae Core\u2122 i7-8700K \u00facleos totales 6Hilos de ejecuci\u00f3n 12N\u00facs. principales 6 a 3.7 GHzFrec. turbo n\u00facs. prin. hasta 4.7","og_url":"https:\/\/fightergroupsrl.com\/en\/product\/procesador-intel-core\/","og_site_name":"FIGHTER GROUP SRL","og_image":[{"width":206,"height":206,"url":"https:\/\/fightergroupsrl.com\/wp-content\/uploads\/2022\/05\/procesador-intel.jpg","type":"image\/jpeg"}],"twitter_card":"summary_large_image","twitter_misc":{"Est. reading time":"1 minute"},"schema":{"@context":"https:\/\/schema.org","@graph":[{"@type":"WebPage","@id":"https:\/\/fightergroupsrl.com\/product\/procesador-intel-core\/","url":"https:\/\/fightergroupsrl.com\/product\/procesador-intel-core\/","name":"Procesador Intel\u00ae Core\u2122 - FIGHTER GROUP SRL - Adquiere Ya","isPartOf":{"@id":"https:\/\/fightergroupsrl.com\/#website"},"primaryImageOfPage":{"@id":"https:\/\/fightergroupsrl.com\/product\/procesador-intel-core\/#primaryimage"},"image":{"@id":"https:\/\/fightergroupsrl.com\/product\/procesador-intel-core\/#primaryimage"},"thumbnailUrl":"https:\/\/i0.wp.com\/fightergroupsrl.com\/wp-content\/uploads\/2022\/05\/procesador-intel.jpg?fit=206%2C206&ssl=1","datePublished":"2022-05-16T20:44:24+00:00","description":"Intel\u00ae Core\u2122 i7-8700K \u00facleos totales 6Hilos de ejecuci\u00f3n 12N\u00facs. principales 6 a 3.7 GHzFrec. turbo n\u00facs. prin. hasta 4.7","breadcrumb":{"@id":"https:\/\/fightergroupsrl.com\/product\/procesador-intel-core\/#breadcrumb"},"inLanguage":"en-US","potentialAction":[{"@type":"ReadAction","target":["https:\/\/fightergroupsrl.com\/product\/procesador-intel-core\/"]}]},{"@type":"ImageObject","inLanguage":"en-US","@id":"https:\/\/fightergroupsrl.com\/product\/procesador-intel-core\/#primaryimage","url":"https:\/\/i0.wp.com\/fightergroupsrl.com\/wp-content\/uploads\/2022\/05\/procesador-intel.jpg?fit=206%2C206&ssl=1","contentUrl":"https:\/\/i0.wp.com\/fightergroupsrl.com\/wp-content\/uploads\/2022\/05\/procesador-intel.jpg?fit=206%2C206&ssl=1","width":206,"height":206,"caption":"Procesador Intel Core Fighter Group"},{"@type":"BreadcrumbList","@id":"https:\/\/fightergroupsrl.com\/product\/procesador-intel-core\/#breadcrumb","itemListElement":[{"@type":"ListItem","position":1,"name":"Portada","item":"https:\/\/fightergroupsrl.com\/"},{"@type":"ListItem","position":2,"name":"Shop","item":"https:\/\/fightergroupsrl.com\/shop\/"},{"@type":"ListItem","position":3,"name":"Procesador Intel\u00ae Core\u2122"}]},{"@type":"WebSite","@id":"https:\/\/fightergroupsrl.com\/#website","url":"https:\/\/fightergroupsrl.com\/","name":"FIGHTER GROUP SRL","description":"\u00a1Internet 100% fibra \u00f3ptica!","publisher":{"@id":"https:\/\/fightergroupsrl.com\/#organization"},"potentialAction":[{"@type":"SearchAction","target":{"@type":"EntryPoint","urlTemplate":"https:\/\/fightergroupsrl.com\/?s={search_term_string}"},"query-input":{"@type":"PropertyValueSpecification","valueRequired":true,"valueName":"search_term_string"}}],"inLanguage":"en-US"},{"@type":"Organization","@id":"https:\/\/fightergroupsrl.com\/#organization","name":"Fighter Group SRL","url":"https:\/\/fightergroupsrl.com\/","logo":{"@type":"ImageObject","inLanguage":"en-US","@id":"https:\/\/fightergroupsrl.com\/#\/schema\/logo\/image\/","url":"https:\/\/fightergroupsrl.com\/wp-content\/uploads\/2022\/04\/cropped-isotipo.png","contentUrl":"https:\/\/fightergroupsrl.com\/wp-content\/uploads\/2022\/04\/cropped-isotipo.png","width":512,"height":512,"caption":"Fighter Group SRL"},"image":{"@id":"https:\/\/fightergroupsrl.com\/#\/schema\/logo\/image\/"}}]}},"jetpack_sharing_enabled":true,"jetpack-related-posts":[],"_links":{"self":[{"href":"https:\/\/fightergroupsrl.com\/en\/wp-json\/wp\/v2\/product\/1943","targetHints":{"allow":["GET"]}}],"collection":[{"href":"https:\/\/fightergroupsrl.com\/en\/wp-json\/wp\/v2\/product"}],"about":[{"href":"https:\/\/fightergroupsrl.com\/en\/wp-json\/wp\/v2\/types\/product"}],"replies":[{"embeddable":true,"href":"https:\/\/fightergroupsrl.com\/en\/wp-json\/wp\/v2\/comments?post=1943"}],"version-history":[{"count":1,"href":"https:\/\/fightergroupsrl.com\/en\/wp-json\/wp\/v2\/product\/1943\/revisions"}],"predecessor-version":[{"id":1945,"href":"https:\/\/fightergroupsrl.com\/en\/wp-json\/wp\/v2\/product\/1943\/revisions\/1945"}],"wp:featuredmedia":[{"embeddable":true,"href":"https:\/\/fightergroupsrl.com\/en\/wp-json\/wp\/v2\/media\/1944"}],"wp:attachment":[{"href":"https:\/\/fightergroupsrl.com\/en\/wp-json\/wp\/v2\/media?parent=1943"}],"wp:term":[{"taxonomy":"product_brand","embeddable":true,"href":"https:\/\/fightergroupsrl.com\/en\/wp-json\/wp\/v2\/product_brand?post=1943"},{"taxonomy":"product_cat","embeddable":true,"href":"https:\/\/fightergroupsrl.com\/en\/wp-json\/wp\/v2\/product_cat?post=1943"},{"taxonomy":"product_tag","embeddable":true,"href":"https:\/\/fightergroupsrl.com\/en\/wp-json\/wp\/v2\/product_tag?post=1943"}],"curies":[{"name":"wp","href":"https:\/\/api.w.org\/{rel}","templated":true}]}}